{"id":14,"date":"2025-06-12T19:21:32","date_gmt":"2025-06-12T19:21:32","guid":{"rendered":"https:\/\/valenciafuntours.com\/?page_id=14"},"modified":"2026-04-01T09:32:16","modified_gmt":"2026-04-01T09:32:16","slug":"bicicletas","status":"publish","type":"page","link":"https:\/\/valenciafuntours.com\/?page_id=14","title":{"rendered":"Bicicletas"},"content":{"rendered":"\t\t<div data-elementor-type=\"wp-page\" data-elementor-id=\"14\" class=\"elementor elementor-14\" data-elementor-post-type=\"page\">\n\t\t\t\t<div class=\"elementor-element elementor-element-3b7e912c e-flex e-con-boxed e-con e-parent\" data-id=\"3b7e912c\" data-element_type=\"container\" data-settings=\"{&quot;background_background&quot;:&quot;classic&quot;}\">\n\t\t\t\t\t<div class=\"e-con-inner\">\n\t\t<div class=\"elementor-element elementor-element-780daa07 e-con-full e-flex e-con e-child\" data-id=\"780daa07\" data-element_type=\"container\">\n\t\t\t\t<div class=\"elementor-element elementor-element-52316c8d elementor-widget elementor-widget-heading\" data-id=\"52316c8d\" data-element_type=\"widget\" data-widget_type=\"heading.default\">\n\t\t\t\t<div class=\"elementor-widget-container\">\n\t\t\t\t\t<h2 class=\"elementor-heading-title elementor-size-default\">Tours en Bicicleta por Valencia<\/h2>\t\t\t\t<\/div>\n\t\t\t\t<\/div>\n\t\t\t\t<\/div>\n\t\t\t\t\t<\/div>\n\t\t\t\t<\/div>\n\t\t<div class=\"elementor-element elementor-element-2dae152f e-flex e-con-boxed e-con e-parent\" data-id=\"2dae152f\" data-element_type=\"container\" data-settings=\"{&quot;background_background&quot;:&quot;classic&quot;}\">\n\t\t\t\t\t<div class=\"e-con-inner\">\n\t\t<div class=\"elementor-element elementor-element-23bd6ac1 e-con-full e-flex e-con e-child\" data-id=\"23bd6ac1\" data-element_type=\"container\">\n\t\t\t\t<div class=\"elementor-element elementor-element-4905fa70 elementor-widget elementor-widget-heading\" data-id=\"4905fa70\" data-element_type=\"widget\" data-widget_type=\"heading.default\">\n\t\t\t\t<div class=\"elementor-widget-container\">\n\t\t\t\t\t<h2 class=\"elementor-heading-title elementor-size-default\"><img decoding=\"async\" role=\"img\" class=\"emoji\" alt=\"\ud83d\udeb4\" src=\"https:\/\/s.w.org\/images\/core\/emoji\/16.0.1\/svg\/1f6b4.svg\"> Explora Valencia a buen ritmo<\/h2>\t\t\t\t<\/div>\n\t\t\t\t<\/div>\n\t\t\t\t<div class=\"elementor-element elementor-element-2b7067d3 elementor-widget elementor-widget-heading\" data-id=\"2b7067d3\" data-element_type=\"widget\" data-widget_type=\"heading.default\">\n\t\t\t\t<div class=\"elementor-widget-container\">\n\t\t\t\t\t<h2 class=\"elementor-heading-title elementor-size-default\">Un tour saludable y a la vez divertido. <br>Hay mucho por ver: arquitectura, historia y naturaleza.<\/h2>\t\t\t\t<\/div>\n\t\t\t\t<\/div>\n\t\t\t\t<div class=\"elementor-element elementor-element-183374ed elementor-widget elementor-widget-heading\" data-id=\"183374ed\" data-element_type=\"widget\" data-widget_type=\"heading.default\">\n\t\t\t\t<div class=\"elementor-widget-container\">\n\t\t\t\t\t<h2 class=\"elementor-heading-title elementor-size-default\">Incluye:<\/h2>\t\t\t\t<\/div>\n\t\t\t\t<\/div>\n\t\t\t\t<div class=\"elementor-element elementor-element-300ba04 elementor-widget elementor-widget-text-editor\" data-id=\"300ba04\" data-element_type=\"widget\" data-widget_type=\"text-editor.default\">\n\t\t\t\t<div class=\"elementor-widget-container\">\n\t\t\t\t\t\t\t\t\t<p>Recorre Valencia pedaleando por sus carriles bici y calles encantadoras.\u00a0<\/p><p>Tenemos varias opciones de tours generalmente comenzando desde el centro para luego visitar los lugares de mayor inter\u00e9s de los pasajeros:<\/p><p>Casco hist\u00f3rico: Torres Serrano, Torres Quart, Lonja de la seda, Mercado Central<\/p><p>Jard\u00edn del Turia con sus imponentes puentes<\/p><p>Ciudad de las Ciencias y las Artes\u00a0<\/p><p>Jard\u00edn del Real\u00a0<\/p><p>Incluso si se extiende el tour a 3 o m\u00e1s horas, se pueden visitar lugares como:<\/p><p>El Puerto de Valencia, La Marina, La Albufera, entre otros.\u00a0<\/p><p>Todo con relatos de historias curiosas y paradas para tomar fotos.<\/p>\t\t\t\t\t\t\t\t<\/div>\n\t\t\t\t<\/div>\n\t\t\t\t<div class=\"elementor-element elementor-element-463431ff elementor-widget elementor-widget-text-editor\" data-id=\"463431ff\" data-element_type=\"widget\" data-widget_type=\"text-editor.default\">\n\t\t\t\t<div class=\"elementor-widget-container\">\n\t\t\t\t\t\t\t\t\t<p><img decoding=\"async\" class=\"emoji\" role=\"img\" draggable=\"false\" src=\"https:\/\/s.w.org\/images\/core\/emoji\/16.0.1\/svg\/2705.svg\" alt=\"\u2705\" \/> Bicicleta<\/p><p><img decoding=\"async\" class=\"emoji\" role=\"img\" draggable=\"false\" src=\"https:\/\/s.w.org\/images\/core\/emoji\/16.0.1\/svg\/2705.svg\" alt=\"\u2705\" \/> Gu\u00eda local<\/p><p><img decoding=\"async\" class=\"emoji\" role=\"img\" draggable=\"false\" src=\"https:\/\/s.w.org\/images\/core\/emoji\/16.0.1\/svg\/2705.svg\" alt=\"\u2705\" \/> Paradas fotogr\u00e1ficas<\/p><p><img decoding=\"async\" class=\"emoji\" role=\"img\" draggable=\"false\" src=\"https:\/\/s.w.org\/images\/core\/emoji\/16.0.1\/svg\/2705.svg\" alt=\"\u2705\" \/> Buena onda asegurada<\/p>\t\t\t\t\t\t\t\t<\/div>\n\t\t\t\t<\/div>\n\t\t<div class=\"elementor-element elementor-element-4791614b e-grid e-con-full e-con e-child\" data-id=\"4791614b\" data-element_type=\"container\">\n\t\t<div class=\"elementor-element elementor-element-611b3444 e-con-full e-flex e-con e-child\" data-id=\"611b3444\" data-element_type=\"container\" data-settings=\"{&quot;background_background&quot;:&quot;classic&quot;}\">\n\t\t\t\t<div class=\"elementor-element elementor-element-672e1dae elementor-widget elementor-widget-heading\" data-id=\"672e1dae\" data-element_type=\"widget\" data-widget_type=\"heading.default\">\n\t\t\t\t<div class=\"elementor-widget-container\">\n\t\t\t\t\t<p class=\"elementor-heading-title elementor-size-default\">Duraci\u00f3n:<\/p>\t\t\t\t<\/div>\n\t\t\t\t<\/div>\n\t\t\t\t<div class=\"elementor-element elementor-element-65db4c41 elementor-widget elementor-widget-heading\" data-id=\"65db4c41\" data-element_type=\"widget\" data-widget_type=\"heading.default\">\n\t\t\t\t<div class=\"elementor-widget-container\">\n\t\t\t\t\t<p class=\"elementor-heading-title elementor-size-default\">Ajustable \u2013 tours de 2 a 3 horas en promedio. Ofrecemos recorridos personalizados<\/p>\t\t\t\t<\/div>\n\t\t\t\t<\/div>\n\t\t\t\t<\/div>\n\t\t<div class=\"elementor-element elementor-element-d4f430c e-con-full e-flex e-con e-child\" data-id=\"d4f430c\" data-element_type=\"container\" data-settings=\"{&quot;background_background&quot;:&quot;classic&quot;}\">\n\t\t\t\t<div class=\"elementor-element elementor-element-567dac24 elementor-widget elementor-widget-heading\" data-id=\"567dac24\" data-element_type=\"widget\" data-widget_type=\"heading.default\">\n\t\t\t\t<div class=\"elementor-widget-container\">\n\t\t\t\t\t<p class=\"elementor-heading-title elementor-size-default\">Salidas:<\/p>\t\t\t\t<\/div>\n\t\t\t\t<\/div>\n\t\t\t\t<div class=\"elementor-element elementor-element-2f6cc2a3 elementor-widget elementor-widget-heading\" data-id=\"2f6cc2a3\" data-element_type=\"widget\" data-widget_type=\"heading.default\">\n\t\t\t\t<div class=\"elementor-widget-container\">\n\t\t\t\t\t<p class=\"elementor-heading-title elementor-size-default\">Casi todos los d\u00edas (Preg\u00fantanos)<\/p>\t\t\t\t<\/div>\n\t\t\t\t<\/div>\n\t\t\t\t<\/div>\n\t\t\t\t<\/div>\n\t\t<div class=\"elementor-element elementor-element-6238eae e-grid e-con-full e-con e-child\" data-id=\"6238eae\" data-element_type=\"container\">\n\t\t<div class=\"elementor-element elementor-element-3afdcf7 e-con-full e-flex e-con e-child\" data-id=\"3afdcf7\" data-element_type=\"container\" data-settings=\"{&quot;background_background&quot;:&quot;classic&quot;}\">\n\t\t\t\t<div class=\"elementor-element elementor-element-d199644 elementor-widget elementor-widget-heading\" data-id=\"d199644\" data-element_type=\"widget\" data-widget_type=\"heading.default\">\n\t\t\t\t<div class=\"elementor-widget-container\">\n\t\t\t\t\t<p class=\"elementor-heading-title elementor-size-default\">Nivel:<\/p>\t\t\t\t<\/div>\n\t\t\t\t<\/div>\n\t\t\t\t<div class=\"elementor-element elementor-element-a3d0c89 elementor-widget elementor-widget-heading\" data-id=\"a3d0c89\" data-element_type=\"widget\" data-widget_type=\"heading.default\">\n\t\t\t\t<div class=\"elementor-widget-container\">\n\t\t\t\t\t<p class=\"elementor-heading-title elementor-size-default\">F\u00e1cil \u2013 apto para todas las edades. La tienda en donde alquilamos las bicis cuenta con sillitas para ni\u00f1os peque\u00f1os o bicicletas infantiles.<\/p>\t\t\t\t<\/div>\n\t\t\t\t<\/div>\n\t\t\t\t<\/div>\n\t\t<div class=\"elementor-element elementor-element-8f443df e-con-full e-flex e-con e-child\" data-id=\"8f443df\" data-element_type=\"container\" data-settings=\"{&quot;background_background&quot;:&quot;classic&quot;}\">\n\t\t\t\t<div class=\"elementor-element elementor-element-2c7d1a0 elementor-widget elementor-widget-heading\" data-id=\"2c7d1a0\" data-element_type=\"widget\" data-widget_type=\"heading.default\">\n\t\t\t\t<div class=\"elementor-widget-container\">\n\t\t\t\t\t<p class=\"elementor-heading-title elementor-size-default\">Ideal para:<\/p>\t\t\t\t<\/div>\n\t\t\t\t<\/div>\n\t\t\t\t<div class=\"elementor-element elementor-element-29399f1 elementor-widget elementor-widget-heading\" data-id=\"29399f1\" data-element_type=\"widget\" data-widget_type=\"heading.default\">\n\t\t\t\t<div class=\"elementor-widget-container\">\n\t\t\t\t\t<p class=\"elementor-heading-title elementor-size-default\">Viajeros solos, parejas, grupos, familias.<\/p>\t\t\t\t<\/div>\n\t\t\t\t<\/div>\n\t\t\t\t<\/div>\n\t\t\t\t<\/div>\n\t\t\t\t<\/div>\n\t\t\t\t<div class=\"elementor-element elementor-element-a050526 elementor-widget__width-initial elementor-widget elementor-widget-html\" data-id=\"a050526\" data-element_type=\"widget\" data-widget_type=\"html.default\">\n\t\t\t\t<div class=\"elementor-widget-container\">\n\t\t\t\t\t<div class=\"box-tours\">\r\n  <h3>Contacta con nosotros<\/h3>\r\n  \r\n  <p class=\"telefono\">\r\n    <a href=\"tel:+34634739316\">+34 634 73 93 16<\/a>\r\n  <\/p>\r\n\r\n  <h4>Precios<\/h4>\r\n  \r\n  <p>Desde <strong>25\u20ac por persona<\/strong>.<\/p>\r\n  \r\n  <p>El precio puede variar seg\u00fan el tipo de veh\u00edculo y la duraci\u00f3n del tour.<\/p>\r\n<\/div>\t\t\t\t<\/div>\n\t\t\t\t<\/div>\n\t\t<div class=\"elementor-element elementor-element-47ec865a e-con-full e-flex e-con e-child\" data-id=\"47ec865a\" data-element_type=\"container\">\n\t\t<div class=\"elementor-element elementor-element-e7d9187 e-con-full e-flex e-con e-child\" data-id=\"e7d9187\" data-element_type=\"container\">\n\t\t\t\t<\/div>\n\t\t\t\t<\/div>\n\t\t\t\t\t<\/div>\n\t\t\t\t<\/div>\n\t\t<div class=\"elementor-element elementor-element-fa094d4 e-flex e-con-boxed e-con e-parent\" data-id=\"fa094d4\" data-element_type=\"container\" data-settings=\"{&quot;background_background&quot;:&quot;classic&quot;}\">\n\t\t\t\t\t<div class=\"e-con-inner\">\n\t\t<div class=\"elementor-element elementor-element-5acfcb36 e-con-full e-flex e-con e-child\" data-id=\"5acfcb36\" data-element_type=\"container\">\n\t\t\t\t<div class=\"elementor-element elementor-element-58b6fa7c elementor-widget elementor-widget-heading\" data-id=\"58b6fa7c\" data-element_type=\"widget\" data-widget_type=\"heading.default\">\n\t\t\t\t<div class=\"elementor-widget-container\">\n\t\t\t\t\t<h2 class=\"elementor-heading-title elementor-size-default\">Galer\u00eda de Aventuras<\/h2>\t\t\t\t<\/div>\n\t\t\t\t<\/div>\n\t\t\t\t<\/div>\n\t\t<div class=\"elementor-element elementor-element-41f1a3d3 e-con-full e-flex e-con e-child\" data-id=\"41f1a3d3\" data-element_type=\"container\">\n\t\t\t\t<div class=\"elementor-element elementor-element-334dd398 elementor-cta--skin-cover elementor-widget__width-initial elementor-widget-mobile__width-initial elementor-animated-content elementor-bg-transform elementor-bg-transform-zoom-in elementor-widget elementor-widget-call-to-action\" data-id=\"334dd398\" data-element_type=\"widget\" data-widget_type=\"call-to-action.default\">\n\t\t\t\t<div class=\"elementor-widget-container\">\n\t\t\t\t\t\t\t<div class=\"elementor-cta\">\n\t\t\t\t\t<div class=\"elementor-cta__bg-wrapper\">\n\t\t\t\t<div class=\"elementor-cta__bg elementor-bg\" style=\"background-image: url(https:\/\/valenciafuntours.com\/wp-content\/uploads\/2025\/10\/con-los-arboles-borrachos-1024x683.jpeg);\" role=\"img\" aria-label=\"con los a\u0301rboles borrachos\"><\/div>\n\t\t\t\t<div class=\"elementor-cta__bg-overlay\"><\/div>\n\t\t\t<\/div>\n\t\t\t\t\t\t\t<div class=\"elementor-cta__content\">\n\t\t\t\t\n\t\t\t\t\n\t\t\t\t\t\t\t\t\t<div class=\"elementor-cta__description elementor-cta__content-item elementor-content-item elementor-animated-item--grow\">\n\t\t\t\t\t\t.\t\t\t\t\t<\/div>\n\t\t\t\t\n\t\t\t\t\t\t\t<\/div>\n\t\t\t\t\t\t<\/div>\n\t\t\t\t\t\t<\/div>\n\t\t\t\t<\/div>\n\t\t\t\t<div class=\"elementor-element elementor-element-7811ac7f elementor-cta--skin-cover elementor-widget__width-initial elementor-widget-mobile__width-initial elementor-animated-content elementor-bg-transform elementor-bg-transform-zoom-in elementor-widget elementor-widget-call-to-action\" data-id=\"7811ac7f\" data-element_type=\"widget\" data-widget_type=\"call-to-action.default\">\n\t\t\t\t<div class=\"elementor-widget-container\">\n\t\t\t\t\t\t\t<div class=\"elementor-cta\">\n\t\t\t\t\t<div class=\"elementor-cta__bg-wrapper\">\n\t\t\t\t<div class=\"elementor-cta__bg elementor-bg\" style=\"background-image: url(https:\/\/valenciafuntours.com\/wp-content\/uploads\/2025\/10\/por-karla-paseo-en-bici-4-1024x576.jpeg);\" role=\"img\" aria-label=\"por karla paseo en bici 4\"><\/div>\n\t\t\t\t<div class=\"elementor-cta__bg-overlay\"><\/div>\n\t\t\t<\/div>\n\t\t\t\t\t\t\t<div class=\"elementor-cta__content\">\n\t\t\t\t\n\t\t\t\t\n\t\t\t\t\t\t\t\t\t<div class=\"elementor-cta__description elementor-cta__content-item elementor-content-item elementor-animated-item--grow\">\n\t\t\t\t\t\t.\t\t\t\t\t<\/div>\n\t\t\t\t\n\t\t\t\t\t\t\t<\/div>\n\t\t\t\t\t\t<\/div>\n\t\t\t\t\t\t<\/div>\n\t\t\t\t<\/div>\n\t\t\t\t<div class=\"elementor-element elementor-element-36e76021 elementor-cta--skin-cover elementor-widget__width-initial elementor-widget-mobile__width-initial elementor-animated-content elementor-bg-transform elementor-bg-transform-zoom-in elementor-widget elementor-widget-call-to-action\" data-id=\"36e76021\" data-element_type=\"widget\" data-widget_type=\"call-to-action.default\">\n\t\t\t\t<div class=\"elementor-widget-container\">\n\t\t\t\t\t\t\t<div class=\"elementor-cta\">\n\t\t\t\t\t<div class=\"elementor-cta__bg-wrapper\">\n\t\t\t\t<div class=\"elementor-cta__bg elementor-bg\" style=\"background-image: url(https:\/\/valenciafuntours.com\/wp-content\/uploads\/2025\/10\/por-karla-paseo-en-bici-5-1024x576.jpeg);\" role=\"img\" aria-label=\"por karla paseo en bici 5\"><\/div>\n\t\t\t\t<div class=\"elementor-cta__bg-overlay\"><\/div>\n\t\t\t<\/div>\n\t\t\t\t\t\t\t<div class=\"elementor-cta__content\">\n\t\t\t\t\n\t\t\t\t\n\t\t\t\t\t\t\t\t\t<div class=\"elementor-cta__description elementor-cta__content-item elementor-content-item elementor-animated-item--grow\">\n\t\t\t\t\t\t.\t\t\t\t\t<\/div>\n\t\t\t\t\n\t\t\t\t\t\t\t<\/div>\n\t\t\t\t\t\t<\/div>\n\t\t\t\t\t\t<\/div>\n\t\t\t\t<\/div>\n\t\t\t\t<div class=\"elementor-element elementor-element-162817f5 elementor-cta--skin-cover elementor-widget__width-initial elementor-widget-mobile__width-initial elementor-animated-content elementor-bg-transform elementor-bg-transform-zoom-in elementor-widget elementor-widget-call-to-action\" data-id=\"162817f5\" data-element_type=\"widget\" data-widget_type=\"call-to-action.default\">\n\t\t\t\t<div class=\"elementor-widget-container\">\n\t\t\t\t\t\t\t<div class=\"elementor-cta\">\n\t\t\t\t\t<div class=\"elementor-cta__bg-wrapper\">\n\t\t\t\t<div class=\"elementor-cta__bg elementor-bg\" style=\"background-image: url(https:\/\/valenciafuntours.com\/wp-content\/uploads\/2025\/10\/viator3-1024x683.jpeg);\" role=\"img\" aria-label=\"viator3\"><\/div>\n\t\t\t\t<div class=\"elementor-cta__bg-overlay\"><\/div>\n\t\t\t<\/div>\n\t\t\t\t\t\t\t<div class=\"elementor-cta__content\">\n\t\t\t\t\n\t\t\t\t\n\t\t\t\t\t\t\t\t\t<div class=\"elementor-cta__description elementor-cta__content-item elementor-content-item elementor-animated-item--grow\">\n\t\t\t\t\t\t.\t\t\t\t\t<\/div>\n\t\t\t\t\n\t\t\t\t\t\t\t<\/div>\n\t\t\t\t\t\t<\/div>\n\t\t\t\t\t\t<\/div>\n\t\t\t\t<\/div>\n\t\t\t\t<\/div>\n\t\t\t\t\t<\/div>\n\t\t\t\t<\/div>\n\t\t\t\t<\/div>\n\t\t","protected":false},"excerpt":{"rendered":"<p>Tours en Bicicleta por Valencia Explora Valencia a buen ritmo Un tour saludable y a la vez divertido. Hay mucho por ver: arquitectura, historia y naturaleza. Incluye: Recorre Valencia pedaleando por sus carriles bici y calles encantadoras.\u00a0 Tenemos varias opciones de tours generalmente comenzando desde el centro para luego visitar los lugares de mayor inter\u00e9s [&hellip;]<\/p>\n","protected":false},"author":1,"featured_media":0,"parent":0,"menu_order":0,"comment_status":"closed","ping_status":"closed","template":"elementor_header_footer","meta":{"footnotes":""},"class_list":["post-14","page","type-page","status-publish","hentry"],"_links":{"self":[{"href":"https:\/\/valenciafuntours.com\/index.php?rest_route=\/wp\/v2\/pages\/14","targetHints":{"allow":["GET"]}}],"collection":[{"href":"https:\/\/valenciafuntours.com\/index.php?rest_route=\/wp\/v2\/pages"}],"about":[{"href":"https:\/\/valenciafuntours.com\/index.php?rest_route=\/wp\/v2\/types\/page"}],"author":[{"embeddable":true,"href":"https:\/\/valenciafuntours.com\/index.php?rest_route=\/wp\/v2\/users\/1"}],"replies":[{"embeddable":true,"href":"https:\/\/valenciafuntours.com\/index.php?rest_route=%2Fwp%2Fv2%2Fcomments&post=14"}],"version-history":[{"count":49,"href":"https:\/\/valenciafuntours.com\/index.php?rest_route=\/wp\/v2\/pages\/14\/revisions"}],"predecessor-version":[{"id":274,"href":"https:\/\/valenciafuntours.com\/index.php?rest_route=\/wp\/v2\/pages\/14\/revisions\/274"}],"wp:attachment":[{"href":"https:\/\/valenciafuntours.com\/index.php?rest_route=%2Fwp%2Fv2%2Fmedia&parent=14"}],"curies":[{"name":"wp","href":"https:\/\/api.w.org\/{rel}","templated":true}]}}